{"id":5460,"date":"2025-10-30T09:06:29","date_gmt":"2025-10-30T08:06:29","guid":{"rendered":"https:\/\/kp.pl\/who-we-are\/"},"modified":"2026-01-29T12:24:54","modified_gmt":"2026-01-29T11:24:54","slug":"who-we-are","status":"publish","type":"page","link":"https:\/\/kp.pl\/en\/who-we-are\/","title":{"rendered":"Who we are"},"content":{"rendered":"","protected":false},"excerpt":{"rendered":"","protected":false},"author":1,"featured_media":0,"parent":0,"menu_order":8,"comment_status":"closed","ping_status":"closed","template":"template-about-who.php","meta":{"_acf_changed":false,"inline_featured_image":false,"footnotes":""},"class_list":["post-5460","page","type-page","status-publish","hentry"],"acf":[],"yoast_head":"<!-- This site is optimized with the Yoast SEO Premium plugin v26.8 (Yoast SEO v27.2) - https:\/\/yoast.com\/product\/yoast-seo-premium-wordpress\/ -->\n<title>Who we are | Kompania Piwowarska - Lider rynku piwa w Polsce<\/title>\n<meta name=\"description\" content=\"\u0141\u0105czymy pasj\u0119 i do\u015bwiadczenie z nowoczesnymi technologiami. Wszystko po to, by m\u00f3c warzy\u0107 tylko najlepsze piwo. Doceniaj\u0105 je mi\u0142o\u015bnicy z\u0142otego trunku w Polsce i za granic\u0105.\" \/>\n<meta name=\"robots\" content=\"index, follow, max-snippet:-1, max-image-preview:large, max-video-preview:-1\" \/>\n<link rel=\"canonical\" href=\"https:\/\/kp.pl\/en\/who-we-are\/\" \/>\n<meta property=\"og:locale\" content=\"en_US\" \/>\n<meta property=\"og:type\" content=\"article\" \/>\n<meta property=\"og:title\" content=\"Who we are\" \/>\n<meta property=\"og:description\" content=\"We combine passion and experience with modern technologies. All this in order to brew only the best beer. They are appreciated by lovers of the golden beverage in Poland and abroad.\" \/>\n<meta property=\"og:url\" content=\"https:\/\/kp.pl\/en\/who-we-are\/\" \/>\n<meta property=\"og:site_name\" content=\"Kompania Piwowarska\" \/>\n<meta property=\"article:publisher\" content=\"https:\/\/www.facebook.com\/kompaniapiwowarska\/\" \/>\n<meta property=\"article:modified_time\" content=\"2026-01-29T11:24:54+00:00\" \/>\n<meta property=\"og:image\" content=\"https:\/\/kp.pl\/wp-content\/uploads\/2026\/01\/822989049-zdjecie_1.jpg\" \/>\n\t<meta property=\"og:image:width\" content=\"1200\" \/>\n\t<meta property=\"og:image:height\" content=\"630\" \/>\n\t<meta property=\"og:image:type\" content=\"image\/jpeg\" \/>\n<meta name=\"twitter:card\" content=\"summary_large_image\" \/>\n<script type=\"application\/ld+json\" class=\"yoast-schema-graph\">{\"@context\":\"https:\/\/schema.org\",\"@graph\":[{\"@type\":\"WebPage\",\"@id\":\"https:\/\/kp.pl\/en\/who-we-are\/\",\"url\":\"https:\/\/kp.pl\/en\/who-we-are\/\",\"name\":\"Who we are | Kompania Piwowarska - Lider rynku piwa w Polsce\",\"isPartOf\":{\"@id\":\"https:\/\/kp.pl\/en\/#website\"},\"datePublished\":\"2025-10-30T08:06:29+00:00\",\"dateModified\":\"2026-01-29T11:24:54+00:00\",\"description\":\"\u0141\u0105czymy pasj\u0119 i do\u015bwiadczenie z nowoczesnymi technologiami. Wszystko po to, by m\u00f3c warzy\u0107 tylko najlepsze piwo. Doceniaj\u0105 je mi\u0142o\u015bnicy z\u0142otego trunku w Polsce i za granic\u0105.\",\"breadcrumb\":{\"@id\":\"https:\/\/kp.pl\/en\/who-we-are\/#breadcrumb\"},\"inLanguage\":\"en-US\",\"potentialAction\":[{\"@type\":\"ReadAction\",\"target\":[\"https:\/\/kp.pl\/en\/who-we-are\/\"]}]},{\"@type\":\"BreadcrumbList\",\"@id\":\"https:\/\/kp.pl\/en\/who-we-are\/#breadcrumb\",\"itemListElement\":[{\"@type\":\"ListItem\",\"position\":1,\"name\":\"Strona g\u0142\u00f3wna\",\"item\":\"https:\/\/kp.pl\/en\/strona-glowna\/\"},{\"@type\":\"ListItem\",\"position\":2,\"name\":\"Who we are\"}]},{\"@type\":\"WebSite\",\"@id\":\"https:\/\/kp.pl\/en\/#website\",\"url\":\"https:\/\/kp.pl\/en\/\",\"name\":\"Kompania Piwowarska\",\"description\":\"Lider rynku piwa w Polsce\",\"publisher\":{\"@id\":\"https:\/\/kp.pl\/en\/#organization\"},\"potentialAction\":[{\"@type\":\"SearchAction\",\"target\":{\"@type\":\"EntryPoint\",\"urlTemplate\":\"https:\/\/kp.pl\/en\/?s={search_term_string}\"},\"query-input\":{\"@type\":\"PropertyValueSpecification\",\"valueRequired\":true,\"valueName\":\"search_term_string\"}}],\"inLanguage\":\"en-US\"},{\"@type\":\"Organization\",\"@id\":\"https:\/\/kp.pl\/en\/#organization\",\"name\":\"Kompania Piwowarska\",\"url\":\"https:\/\/kp.pl\/en\/\",\"logo\":{\"@type\":\"ImageObject\",\"inLanguage\":\"en-US\",\"@id\":\"https:\/\/kp.pl\/en\/#\/schema\/logo\/image\/\",\"url\":\"https:\/\/kp.pl\/wp-content\/uploads\/2025\/11\/file_kp.png\",\"contentUrl\":\"https:\/\/kp.pl\/wp-content\/uploads\/2025\/11\/file_kp.png\",\"width\":376,\"height\":334,\"caption\":\"Kompania Piwowarska\"},\"image\":{\"@id\":\"https:\/\/kp.pl\/en\/#\/schema\/logo\/image\/\"},\"sameAs\":[\"https:\/\/www.facebook.com\/kompaniapiwowarska\/\",\"https:\/\/www.instagram.com\/kompania_piwowarska\/\",\"https:\/\/www.youtube.com\/user\/KPwydarzenia\",\"https:\/\/www.linkedin.com\/company\/kompania-piwowarska\/\"]}]}<\/script>\n<!-- \/ Yoast SEO Premium plugin. -->","yoast_head_json":{"title":"Who we are | Kompania Piwowarska - Lider rynku piwa w Polsce","description":"\u0141\u0105czymy pasj\u0119 i do\u015bwiadczenie z nowoczesnymi technologiami. Wszystko po to, by m\u00f3c warzy\u0107 tylko najlepsze piwo. Doceniaj\u0105 je mi\u0142o\u015bnicy z\u0142otego trunku w Polsce i za granic\u0105.","robots":{"index":"index","follow":"follow","max-snippet":"max-snippet:-1","max-image-preview":"max-image-preview:large","max-video-preview":"max-video-preview:-1"},"canonical":"https:\/\/kp.pl\/en\/who-we-are\/","og_locale":"en_US","og_type":"article","og_title":"Who we are","og_description":"We combine passion and experience with modern technologies. All this in order to brew only the best beer. They are appreciated by lovers of the golden beverage in Poland and abroad.","og_url":"https:\/\/kp.pl\/en\/who-we-are\/","og_site_name":"Kompania Piwowarska","article_publisher":"https:\/\/www.facebook.com\/kompaniapiwowarska\/","article_modified_time":"2026-01-29T11:24:54+00:00","og_image":[{"width":1200,"height":630,"url":"https:\/\/kp.pl\/wp-content\/uploads\/2026\/01\/822989049-zdjecie_1.jpg","type":"image\/jpeg"}],"twitter_card":"summary_large_image","schema":{"@context":"https:\/\/schema.org","@graph":[{"@type":"WebPage","@id":"https:\/\/kp.pl\/en\/who-we-are\/","url":"https:\/\/kp.pl\/en\/who-we-are\/","name":"Who we are | Kompania Piwowarska - Lider rynku piwa w Polsce","isPartOf":{"@id":"https:\/\/kp.pl\/en\/#website"},"datePublished":"2025-10-30T08:06:29+00:00","dateModified":"2026-01-29T11:24:54+00:00","description":"\u0141\u0105czymy pasj\u0119 i do\u015bwiadczenie z nowoczesnymi technologiami. Wszystko po to, by m\u00f3c warzy\u0107 tylko najlepsze piwo. Doceniaj\u0105 je mi\u0142o\u015bnicy z\u0142otego trunku w Polsce i za granic\u0105.","breadcrumb":{"@id":"https:\/\/kp.pl\/en\/who-we-are\/#breadcrumb"},"inLanguage":"en-US","potentialAction":[{"@type":"ReadAction","target":["https:\/\/kp.pl\/en\/who-we-are\/"]}]},{"@type":"BreadcrumbList","@id":"https:\/\/kp.pl\/en\/who-we-are\/#breadcrumb","itemListElement":[{"@type":"ListItem","position":1,"name":"Strona g\u0142\u00f3wna","item":"https:\/\/kp.pl\/en\/strona-glowna\/"},{"@type":"ListItem","position":2,"name":"Who we are"}]},{"@type":"WebSite","@id":"https:\/\/kp.pl\/en\/#website","url":"https:\/\/kp.pl\/en\/","name":"Kompania Piwowarska","description":"Lider rynku piwa w Polsce","publisher":{"@id":"https:\/\/kp.pl\/en\/#organization"},"potentialAction":[{"@type":"SearchAction","target":{"@type":"EntryPoint","urlTemplate":"https:\/\/kp.pl\/en\/?s={search_term_string}"},"query-input":{"@type":"PropertyValueSpecification","valueRequired":true,"valueName":"search_term_string"}}],"inLanguage":"en-US"},{"@type":"Organization","@id":"https:\/\/kp.pl\/en\/#organization","name":"Kompania Piwowarska","url":"https:\/\/kp.pl\/en\/","logo":{"@type":"ImageObject","inLanguage":"en-US","@id":"https:\/\/kp.pl\/en\/#\/schema\/logo\/image\/","url":"https:\/\/kp.pl\/wp-content\/uploads\/2025\/11\/file_kp.png","contentUrl":"https:\/\/kp.pl\/wp-content\/uploads\/2025\/11\/file_kp.png","width":376,"height":334,"caption":"Kompania Piwowarska"},"image":{"@id":"https:\/\/kp.pl\/en\/#\/schema\/logo\/image\/"},"sameAs":["https:\/\/www.facebook.com\/kompaniapiwowarska\/","https:\/\/www.instagram.com\/kompania_piwowarska\/","https:\/\/www.youtube.com\/user\/KPwydarzenia","https:\/\/www.linkedin.com\/company\/kompania-piwowarska\/"]}]}},"_links":{"self":[{"href":"https:\/\/kp.pl\/en\/wp-json\/wp\/v2\/pages\/5460","targetHints":{"allow":["GET"]}}],"collection":[{"href":"https:\/\/kp.pl\/en\/wp-json\/wp\/v2\/pages"}],"about":[{"href":"https:\/\/kp.pl\/en\/wp-json\/wp\/v2\/types\/page"}],"author":[{"embeddable":true,"href":"https:\/\/kp.pl\/en\/wp-json\/wp\/v2\/users\/1"}],"replies":[{"embeddable":true,"href":"https:\/\/kp.pl\/en\/wp-json\/wp\/v2\/comments?post=5460"}],"version-history":[{"count":3,"href":"https:\/\/kp.pl\/en\/wp-json\/wp\/v2\/pages\/5460\/revisions"}],"predecessor-version":[{"id":5548,"href":"https:\/\/kp.pl\/en\/wp-json\/wp\/v2\/pages\/5460\/revisions\/5548"}],"wp:attachment":[{"href":"https:\/\/kp.pl\/en\/wp-json\/wp\/v2\/media?parent=5460"}],"curies":[{"name":"wp","href":"https:\/\/api.w.org\/{rel}","templated":true}]}}