{"id":5203,"date":"2025-12-29T09:07:30","date_gmt":"2025-12-29T08:07:30","guid":{"rendered":"https:\/\/kp.pl\/dojlidy-brewery\/"},"modified":"2026-01-29T11:59:47","modified_gmt":"2026-01-29T10:59:47","slug":"dojlidy-brewery","status":"publish","type":"page","link":"https:\/\/kp.pl\/en\/dojlidy-brewery\/","title":{"rendered":"Dojlidy Brewery"},"content":{"rendered":"","protected":false},"excerpt":{"rendered":"","protected":false},"author":1,"featured_media":0,"parent":0,"menu_order":4,"comment_status":"closed","ping_status":"closed","template":"template-about-beers.php","meta":{"_acf_changed":false,"inline_featured_image":false,"footnotes":""},"class_list":["post-5203","page","type-page","status-publish","hentry"],"acf":[],"yoast_head":"<!-- This site is optimized with the Yoast SEO Premium plugin v26.8 (Yoast SEO v27.2) - https:\/\/yoast.com\/product\/yoast-seo-premium-wordpress\/ -->\n<title>Dojlidy Brewery | Kompania Piwowarska - Lider rynku piwa w Polsce<\/title>\n<meta name=\"description\" content=\"Tyskie Browary Ksi\u0105\u017c\u0119ce, Lech Browary Wielkopolski in Pozna\u0144 and Browar Dojlidy in Bia\u0142ystok are places where tradition and experience combine with modern technologies. Proven recipes, natural ingredients, impeccable cleanliness in our breweries, and above all, the skills of experienced brewers - all to brew only the best beer\" \/>\n<meta name=\"robots\" content=\"index, follow, max-snippet:-1, max-image-preview:large, max-video-preview:-1\" \/>\n<link rel=\"canonical\" href=\"https:\/\/kp.pl\/en\/dojlidy-brewery\/\" \/>\n<meta property=\"og:locale\" content=\"en_US\" \/>\n<meta property=\"og:type\" content=\"article\" \/>\n<meta property=\"og:title\" content=\"Brewers | Kompania Piwowarska - the leader of the beer market in Poland\" \/>\n<meta property=\"og:description\" content=\"We combine passion and experience with modern technologies. All this in order to brew only the best beer. They are appreciated by lovers of the golden beverage in Poland and abroad.\" \/>\n<meta property=\"og:url\" content=\"https:\/\/kp.pl\/en\/dojlidy-brewery\/\" \/>\n<meta property=\"og:site_name\" content=\"Kompania Piwowarska\" \/>\n<meta property=\"article:publisher\" content=\"https:\/\/www.facebook.com\/kompaniapiwowarska\/\" \/>\n<meta property=\"article:modified_time\" content=\"2026-01-29T10:59:47+00:00\" \/>\n<meta property=\"og:image\" content=\"https:\/\/kp.pl\/wp-content\/uploads\/2026\/01\/822989049-zdjecie_1.jpg\" \/>\n\t<meta property=\"og:image:width\" content=\"1200\" \/>\n\t<meta property=\"og:image:height\" content=\"630\" \/>\n\t<meta property=\"og:image:type\" content=\"image\/jpeg\" \/>\n<meta name=\"twitter:card\" content=\"summary_large_image\" \/>\n<meta name=\"twitter:title\" content=\"Dojlidy Brewery\" \/>\n<script type=\"application\/ld+json\" class=\"yoast-schema-graph\">{\"@context\":\"https:\/\/schema.org\",\"@graph\":[{\"@type\":\"WebPage\",\"@id\":\"https:\/\/kp.pl\/en\/dojlidy-brewery\/\",\"url\":\"https:\/\/kp.pl\/en\/dojlidy-brewery\/\",\"name\":\"Dojlidy Brewery | Kompania Piwowarska - Lider rynku piwa w Polsce\",\"isPartOf\":{\"@id\":\"https:\/\/kp.pl\/en\/#website\"},\"datePublished\":\"2025-12-29T08:07:30+00:00\",\"dateModified\":\"2026-01-29T10:59:47+00:00\",\"description\":\"Tyskie Browary Ksi\u0105\u017c\u0119ce, Lech Browary Wielkopolski in Pozna\u0144 and Browar Dojlidy in Bia\u0142ystok are places where tradition and experience combine with modern technologies. Proven recipes, natural ingredients, impeccable cleanliness in our breweries, and above all, the skills of experienced brewers - all to brew only the best beer\",\"breadcrumb\":{\"@id\":\"https:\/\/kp.pl\/en\/dojlidy-brewery\/#breadcrumb\"},\"inLanguage\":\"en-US\",\"potentialAction\":[{\"@type\":\"ReadAction\",\"target\":[\"https:\/\/kp.pl\/en\/dojlidy-brewery\/\"]}]},{\"@type\":\"BreadcrumbList\",\"@id\":\"https:\/\/kp.pl\/en\/dojlidy-brewery\/#breadcrumb\",\"itemListElement\":[{\"@type\":\"ListItem\",\"position\":1,\"name\":\"Strona g\u0142\u00f3wna\",\"item\":\"https:\/\/kp.pl\/en\/strona-glowna\/\"},{\"@type\":\"ListItem\",\"position\":2,\"name\":\"Dojlidy Brewery\"}]},{\"@type\":\"WebSite\",\"@id\":\"https:\/\/kp.pl\/en\/#website\",\"url\":\"https:\/\/kp.pl\/en\/\",\"name\":\"Kompania Piwowarska\",\"description\":\"Lider rynku piwa w Polsce\",\"publisher\":{\"@id\":\"https:\/\/kp.pl\/en\/#organization\"},\"potentialAction\":[{\"@type\":\"SearchAction\",\"target\":{\"@type\":\"EntryPoint\",\"urlTemplate\":\"https:\/\/kp.pl\/en\/?s={search_term_string}\"},\"query-input\":{\"@type\":\"PropertyValueSpecification\",\"valueRequired\":true,\"valueName\":\"search_term_string\"}}],\"inLanguage\":\"en-US\"},{\"@type\":\"Organization\",\"@id\":\"https:\/\/kp.pl\/en\/#organization\",\"name\":\"Kompania Piwowarska\",\"url\":\"https:\/\/kp.pl\/en\/\",\"logo\":{\"@type\":\"ImageObject\",\"inLanguage\":\"en-US\",\"@id\":\"https:\/\/kp.pl\/en\/#\/schema\/logo\/image\/\",\"url\":\"https:\/\/kp.pl\/wp-content\/uploads\/2025\/11\/file_kp.png\",\"contentUrl\":\"https:\/\/kp.pl\/wp-content\/uploads\/2025\/11\/file_kp.png\",\"width\":376,\"height\":334,\"caption\":\"Kompania Piwowarska\"},\"image\":{\"@id\":\"https:\/\/kp.pl\/en\/#\/schema\/logo\/image\/\"},\"sameAs\":[\"https:\/\/www.facebook.com\/kompaniapiwowarska\/\",\"https:\/\/www.instagram.com\/kompania_piwowarska\/\",\"https:\/\/www.youtube.com\/user\/KPwydarzenia\",\"https:\/\/www.linkedin.com\/company\/kompania-piwowarska\/\"]}]}<\/script>\n<!-- \/ Yoast SEO Premium plugin. -->","yoast_head_json":{"title":"Dojlidy Brewery | Kompania Piwowarska - Lider rynku piwa w Polsce","description":"Tyskie Browary Ksi\u0105\u017c\u0119ce, Lech Browary Wielkopolski in Pozna\u0144 and Browar Dojlidy in Bia\u0142ystok are places where tradition and experience combine with modern technologies. Proven recipes, natural ingredients, impeccable cleanliness in our breweries, and above all, the skills of experienced brewers - all to brew only the best beer","robots":{"index":"index","follow":"follow","max-snippet":"max-snippet:-1","max-image-preview":"max-image-preview:large","max-video-preview":"max-video-preview:-1"},"canonical":"https:\/\/kp.pl\/en\/dojlidy-brewery\/","og_locale":"en_US","og_type":"article","og_title":"Brewers | Kompania Piwowarska - the leader of the beer market in Poland","og_description":"We combine passion and experience with modern technologies. All this in order to brew only the best beer. They are appreciated by lovers of the golden beverage in Poland and abroad.","og_url":"https:\/\/kp.pl\/en\/dojlidy-brewery\/","og_site_name":"Kompania Piwowarska","article_publisher":"https:\/\/www.facebook.com\/kompaniapiwowarska\/","article_modified_time":"2026-01-29T10:59:47+00:00","og_image":[{"width":1200,"height":630,"url":"https:\/\/kp.pl\/wp-content\/uploads\/2026\/01\/822989049-zdjecie_1.jpg","type":"image\/jpeg"}],"twitter_card":"summary_large_image","twitter_title":"Dojlidy Brewery","schema":{"@context":"https:\/\/schema.org","@graph":[{"@type":"WebPage","@id":"https:\/\/kp.pl\/en\/dojlidy-brewery\/","url":"https:\/\/kp.pl\/en\/dojlidy-brewery\/","name":"Dojlidy Brewery | Kompania Piwowarska - Lider rynku piwa w Polsce","isPartOf":{"@id":"https:\/\/kp.pl\/en\/#website"},"datePublished":"2025-12-29T08:07:30+00:00","dateModified":"2026-01-29T10:59:47+00:00","description":"Tyskie Browary Ksi\u0105\u017c\u0119ce, Lech Browary Wielkopolski in Pozna\u0144 and Browar Dojlidy in Bia\u0142ystok are places where tradition and experience combine with modern technologies. Proven recipes, natural ingredients, impeccable cleanliness in our breweries, and above all, the skills of experienced brewers - all to brew only the best beer","breadcrumb":{"@id":"https:\/\/kp.pl\/en\/dojlidy-brewery\/#breadcrumb"},"inLanguage":"en-US","potentialAction":[{"@type":"ReadAction","target":["https:\/\/kp.pl\/en\/dojlidy-brewery\/"]}]},{"@type":"BreadcrumbList","@id":"https:\/\/kp.pl\/en\/dojlidy-brewery\/#breadcrumb","itemListElement":[{"@type":"ListItem","position":1,"name":"Strona g\u0142\u00f3wna","item":"https:\/\/kp.pl\/en\/strona-glowna\/"},{"@type":"ListItem","position":2,"name":"Dojlidy Brewery"}]},{"@type":"WebSite","@id":"https:\/\/kp.pl\/en\/#website","url":"https:\/\/kp.pl\/en\/","name":"Kompania Piwowarska","description":"Lider rynku piwa w Polsce","publisher":{"@id":"https:\/\/kp.pl\/en\/#organization"},"potentialAction":[{"@type":"SearchAction","target":{"@type":"EntryPoint","urlTemplate":"https:\/\/kp.pl\/en\/?s={search_term_string}"},"query-input":{"@type":"PropertyValueSpecification","valueRequired":true,"valueName":"search_term_string"}}],"inLanguage":"en-US"},{"@type":"Organization","@id":"https:\/\/kp.pl\/en\/#organization","name":"Kompania Piwowarska","url":"https:\/\/kp.pl\/en\/","logo":{"@type":"ImageObject","inLanguage":"en-US","@id":"https:\/\/kp.pl\/en\/#\/schema\/logo\/image\/","url":"https:\/\/kp.pl\/wp-content\/uploads\/2025\/11\/file_kp.png","contentUrl":"https:\/\/kp.pl\/wp-content\/uploads\/2025\/11\/file_kp.png","width":376,"height":334,"caption":"Kompania Piwowarska"},"image":{"@id":"https:\/\/kp.pl\/en\/#\/schema\/logo\/image\/"},"sameAs":["https:\/\/www.facebook.com\/kompaniapiwowarska\/","https:\/\/www.instagram.com\/kompania_piwowarska\/","https:\/\/www.youtube.com\/user\/KPwydarzenia","https:\/\/www.linkedin.com\/company\/kompania-piwowarska\/"]}]}},"_links":{"self":[{"href":"https:\/\/kp.pl\/en\/wp-json\/wp\/v2\/pages\/5203","targetHints":{"allow":["GET"]}}],"collection":[{"href":"https:\/\/kp.pl\/en\/wp-json\/wp\/v2\/pages"}],"about":[{"href":"https:\/\/kp.pl\/en\/wp-json\/wp\/v2\/types\/page"}],"author":[{"embeddable":true,"href":"https:\/\/kp.pl\/en\/wp-json\/wp\/v2\/users\/1"}],"replies":[{"embeddable":true,"href":"https:\/\/kp.pl\/en\/wp-json\/wp\/v2\/comments?post=5203"}],"version-history":[{"count":1,"href":"https:\/\/kp.pl\/en\/wp-json\/wp\/v2\/pages\/5203\/revisions"}],"predecessor-version":[{"id":5500,"href":"https:\/\/kp.pl\/en\/wp-json\/wp\/v2\/pages\/5203\/revisions\/5500"}],"wp:attachment":[{"href":"https:\/\/kp.pl\/en\/wp-json\/wp\/v2\/media?parent=5203"}],"curies":[{"name":"wp","href":"https:\/\/api.w.org\/{rel}","templated":true}]}}